{"id":88,"date":"2017-11-14T12:11:48","date_gmt":"2017-11-14T11:11:48","guid":{"rendered":"http:\/\/www.philocite.eu\/blog\/?page_id=88"},"modified":"2017-11-21T22:03:26","modified_gmt":"2017-11-21T21:03:26","slug":"animer","status":"publish","type":"page","link":"https:\/\/www.philocite.eu\/blog\/animer\/","title":{"rendered":"Animer"},"content":{"rendered":"<p>Vous trouverez ici :<\/p>\n<ul>\n<li>des pr\u00e9sentations th\u00e9oriques et les descriptifs de <a href=\"https:\/\/www.philocite.eu\/blog\/category\/methodes-danimation\">quatre m\u00e9thodes d&rsquo;animation<\/a><\/li>\n<li>d&rsquo;<a href=\"https:\/\/www.philocite.eu\/blog\/category\/autres-dispositifs\">autres dispositifs<\/a> utiles en pratiques philosophiques<\/li>\n<li>des fiches pour distribuer des <a href=\"https:\/\/www.philocite.eu\/blog\/category\/fiches-roles\">r\u00f4le<\/a> aux discutants<\/li>\n<li>des <a href=\"https:\/\/www.philocite.eu\/blog\/category\/rituels\">rituels<\/a> permettant d&rsquo;ouvrir et de cl\u00f4turer une animation<\/li>\n<\/ul>\n","protected":false},"excerpt":{"rendered":"<p>Vous trouverez ici : des pr\u00e9sentations th\u00e9oriques et les descriptifs de quatre m\u00e9thodes d&rsquo;animation d&rsquo;autres dispositifs utiles en pratiques philosophiques des fiches pour distribuer des r\u00f4le aux discutants des rituels permettant d&rsquo;ouvrir et de cl\u00f4turer une animation<\/p>\n","protected":false},"author":2,"featured_media":478,"parent":0,"menu_order":0,"comment_status":"closed","ping_status":"closed","template":"","meta":{"footnotes":""},"class_list":["post-88","page","type-page","status-publish","has-post-thumbnail","hentry"],"_links":{"self":[{"href":"https:\/\/www.philocite.eu\/blog\/wp-json\/wp\/v2\/pages\/88","targetHints":{"allow":["GET"]}}],"collection":[{"href":"https:\/\/www.philocite.eu\/blog\/wp-json\/wp\/v2\/pages"}],"about":[{"href":"https:\/\/www.philocite.eu\/blog\/wp-json\/wp\/v2\/types\/page"}],"author":[{"embeddable":true,"href":"https:\/\/www.philocite.eu\/blog\/wp-json\/wp\/v2\/users\/2"}],"replies":[{"embeddable":true,"href":"https:\/\/www.philocite.eu\/blog\/wp-json\/wp\/v2\/comments?post=88"}],"version-history":[{"count":7,"href":"https:\/\/www.philocite.eu\/blog\/wp-json\/wp\/v2\/pages\/88\/revisions"}],"predecessor-version":[{"id":524,"href":"https:\/\/www.philocite.eu\/blog\/wp-json\/wp\/v2\/pages\/88\/revisions\/524"}],"wp:featuredmedia":[{"embeddable":true,"href":"https:\/\/www.philocite.eu\/blog\/wp-json\/wp\/v2\/media\/478"}],"wp:attachment":[{"href":"https:\/\/www.philocite.eu\/blog\/wp-json\/wp\/v2\/media?parent=88"}],"curies":[{"name":"wp","href":"https:\/\/api.w.org\/{rel}","templated":true}]}}