{"id":8,"date":"2017-11-14T10:38:15","date_gmt":"2017-11-14T09:38:15","guid":{"rendered":"http:\/\/www.philocite.eu\/blog\/?page_id=8"},"modified":"2018-01-19T15:48:31","modified_gmt":"2018-01-19T14:48:31","slug":"accueil","status":"publish","type":"page","link":"https:\/\/www.philocite.eu\/blog\/","title":{"rendered":"Accueil"},"content":{"rendered":"<p>Cette plateforme d&rsquo;\u00e9changes d&rsquo;outils en pratiques philosophiques est une initiative de l&rsquo;asbl <a href=\"http:\/\/www.philocite.eu\" target=\"_blank\" rel=\"noopener\">PhiloCit\u00e9<\/a> r\u00e9alis\u00e9e avec le soutien de la F\u00e9d\u00e9ration Wallonie-Bruxelles.<img loading=\"lazy\" decoding=\"async\" class=\"alignnone wp-image-37 size-full\" src=\"https:\/\/www.philocite.eu\/blog\/wp-content\/uploads\/2017\/11\/FWB-50.jpg\" alt=\"\" width=\"50\" height=\"48\" \/><\/p>\n<p>Si vous souhaitez proposer des documents \u00e0 mettre en ligne, n&rsquo;h\u00e9sitez pas \u00e0 <a href=\"mailto:philocite@philocite.eu\">nous \u00e9crire<\/a>.<\/p>\n<p>Pour faciliter vos recherches, diff\u00e9rents outils sont \u00e0 votre disposition, outre le menu principal :<\/p>\n<ol>\n<li>Les \u00ab\u00a0cat\u00e9gories\u00a0\u00bb, qui constituent majoritairement les contenus du menu sup\u00e9rieur, sont \u00e9galement r\u00e9pertori\u00e9es dans le menu de droite.<\/li>\n<li>Les \u00ab\u00a0\u00e9tiquettes\u00a0\u00bb, associ\u00e9es \u00e0 un ou plusieurs documents, sont r\u00e9pertori\u00e9es en dessous de la liste des cat\u00e9gories.<\/li>\n<li>La recherche par mot-cl\u00e9 portant sur les titres des documents.<\/li>\n<\/ol>\n","protected":false},"excerpt":{"rendered":"<p>Cette plateforme d&rsquo;\u00e9changes d&rsquo;outils en pratiques philosophiques est une initiative de l&rsquo;asbl PhiloCit\u00e9 r\u00e9alis\u00e9e avec le soutien de la F\u00e9d\u00e9ration Wallonie-Bruxelles. Si vous souhaitez proposer des documents \u00e0 mettre en ligne, n&rsquo;h\u00e9sitez pas \u00e0 nous \u00e9crire. Pour faciliter vos recherches, diff\u00e9rents outils sont \u00e0 votre disposition, outre le menu principal : Les \u00ab\u00a0cat\u00e9gories\u00a0\u00bb, qui constituent &hellip; <\/p>\n<p class=\"link-more\"><a href=\"https:\/\/www.philocite.eu\/blog\/\" class=\"more-link\">Continuer la lecture<span class=\"screen-reader-text\"> de &laquo;&nbsp;Accueil&nbsp;&raquo;<\/span><\/a><\/p>\n","protected":false},"author":2,"featured_media":0,"parent":0,"menu_order":0,"comment_status":"closed","ping_status":"closed","template":"","meta":{"footnotes":""},"class_list":["post-8","page","type-page","status-publish","hentry"],"_links":{"self":[{"href":"https:\/\/www.philocite.eu\/blog\/wp-json\/wp\/v2\/pages\/8","targetHints":{"allow":["GET"]}}],"collection":[{"href":"https:\/\/www.philocite.eu\/blog\/wp-json\/wp\/v2\/pages"}],"about":[{"href":"https:\/\/www.philocite.eu\/blog\/wp-json\/wp\/v2\/types\/page"}],"author":[{"embeddable":true,"href":"https:\/\/www.philocite.eu\/blog\/wp-json\/wp\/v2\/users\/2"}],"replies":[{"embeddable":true,"href":"https:\/\/www.philocite.eu\/blog\/wp-json\/wp\/v2\/comments?post=8"}],"version-history":[{"count":7,"href":"https:\/\/www.philocite.eu\/blog\/wp-json\/wp\/v2\/pages\/8\/revisions"}],"predecessor-version":[{"id":846,"href":"https:\/\/www.philocite.eu\/blog\/wp-json\/wp\/v2\/pages\/8\/revisions\/846"}],"wp:attachment":[{"href":"https:\/\/www.philocite.eu\/blog\/wp-json\/wp\/v2\/media?parent=8"}],"curies":[{"name":"wp","href":"https:\/\/api.w.org\/{rel}","templated":true}]}}