{"id":539,"date":"2017-11-30T12:04:25","date_gmt":"2017-11-30T11:04:25","guid":{"rendered":"http:\/\/www.philocite.eu\/blog\/?page_id=539"},"modified":"2017-12-12T14:30:40","modified_gmt":"2017-12-12T13:30:40","slug":"ecrire","status":"publish","type":"page","link":"https:\/\/www.philocite.eu\/blog\/ecrire\/","title":{"rendered":"Lire et \u00e9crire"},"content":{"rendered":"<p>Comment donner une place au texte au sein de pratiques philosophiques orient\u00e9es vers l&rsquo;oralit\u00e9 ? Vous trouverez ici des exercices d&rsquo;\u00e9criture et de lecture ainsi que des r\u00e9flexions th\u00e9oriques sur le sujet.<\/p>\n","protected":false},"excerpt":{"rendered":"<p>Comment donner une place au texte au sein de pratiques philosophiques orient\u00e9es vers l&rsquo;oralit\u00e9 ? Vous trouverez ici des exercices d&rsquo;\u00e9criture et de lecture ainsi que des r\u00e9flexions th\u00e9oriques sur le sujet.<\/p>\n","protected":false},"author":2,"featured_media":478,"parent":0,"menu_order":0,"comment_status":"closed","ping_status":"closed","template":"","meta":{"footnotes":""},"class_list":["post-539","page","type-page","status-publish","has-post-thumbnail","hentry"],"_links":{"self":[{"href":"https:\/\/www.philocite.eu\/blog\/wp-json\/wp\/v2\/pages\/539","targetHints":{"allow":["GET"]}}],"collection":[{"href":"https:\/\/www.philocite.eu\/blog\/wp-json\/wp\/v2\/pages"}],"about":[{"href":"https:\/\/www.philocite.eu\/blog\/wp-json\/wp\/v2\/types\/page"}],"author":[{"embeddable":true,"href":"https:\/\/www.philocite.eu\/blog\/wp-json\/wp\/v2\/users\/2"}],"replies":[{"embeddable":true,"href":"https:\/\/www.philocite.eu\/blog\/wp-json\/wp\/v2\/comments?post=539"}],"version-history":[{"count":3,"href":"https:\/\/www.philocite.eu\/blog\/wp-json\/wp\/v2\/pages\/539\/revisions"}],"predecessor-version":[{"id":580,"href":"https:\/\/www.philocite.eu\/blog\/wp-json\/wp\/v2\/pages\/539\/revisions\/580"}],"wp:featuredmedia":[{"embeddable":true,"href":"https:\/\/www.philocite.eu\/blog\/wp-json\/wp\/v2\/media\/478"}],"wp:attachment":[{"href":"https:\/\/www.philocite.eu\/blog\/wp-json\/wp\/v2\/media?parent=539"}],"curies":[{"name":"wp","href":"https:\/\/api.w.org\/{rel}","templated":true}]}}