{"id":497,"date":"2017-11-20T20:03:06","date_gmt":"2017-11-20T19:03:06","guid":{"rendered":"http:\/\/www.philocite.eu\/blog\/?page_id=497"},"modified":"2017-11-20T20:27:08","modified_gmt":"2017-11-20T19:27:08","slug":"penser-2","status":"publish","type":"page","link":"https:\/\/www.philocite.eu\/blog\/penser-2\/","title":{"rendered":"Penser"},"content":{"rendered":"<p>Cette rubrique est centr\u00e9e sur les op\u00e9rations de la pens\u00e9e (ce que Mathew Lipman appellait \u00ab\u00a0thinking skills\u00a0\u00bb et souvent traduites en fran\u00e7ais, en contexte lipmanien, par \u00ab\u00a0habilet\u00e9s de penser\u00a0\u00bb). Vous y trouverez :<\/p>\n<ul>\n<li>des <span style=\"text-decoration: underline;\"><a href=\"https:\/\/www.philocite.eu\/blog\/category\/carnet-dexercices\">carnets d&rsquo;exercices<\/a><\/span> vari\u00e9s<\/li>\n<li>des exercices portant sp\u00e9cifiquement sur des <a href=\"https:\/\/www.philocite.eu\/blog\/operations-de-la-pensee\">op\u00e9rations particuli\u00e8res<\/a><\/li>\n<\/ul>\n","protected":false},"excerpt":{"rendered":"<p>Cette rubrique est centr\u00e9e sur les op\u00e9rations de la pens\u00e9e (ce que Mathew Lipman appellait \u00ab\u00a0thinking skills\u00a0\u00bb et souvent traduites en fran\u00e7ais, en contexte lipmanien, par \u00ab\u00a0habilet\u00e9s de penser\u00a0\u00bb). Vous y trouverez : des carnets d&rsquo;exercices vari\u00e9s des exercices portant sp\u00e9cifiquement sur des op\u00e9rations particuli\u00e8res<\/p>\n","protected":false},"author":2,"featured_media":501,"parent":0,"menu_order":0,"comment_status":"closed","ping_status":"closed","template":"","meta":{"footnotes":""},"class_list":["post-497","page","type-page","status-publish","has-post-thumbnail","hentry"],"_links":{"self":[{"href":"https:\/\/www.philocite.eu\/blog\/wp-json\/wp\/v2\/pages\/497","targetHints":{"allow":["GET"]}}],"collection":[{"href":"https:\/\/www.philocite.eu\/blog\/wp-json\/wp\/v2\/pages"}],"about":[{"href":"https:\/\/www.philocite.eu\/blog\/wp-json\/wp\/v2\/types\/page"}],"author":[{"embeddable":true,"href":"https:\/\/www.philocite.eu\/blog\/wp-json\/wp\/v2\/users\/2"}],"replies":[{"embeddable":true,"href":"https:\/\/www.philocite.eu\/blog\/wp-json\/wp\/v2\/comments?post=497"}],"version-history":[{"count":2,"href":"https:\/\/www.philocite.eu\/blog\/wp-json\/wp\/v2\/pages\/497\/revisions"}],"predecessor-version":[{"id":512,"href":"https:\/\/www.philocite.eu\/blog\/wp-json\/wp\/v2\/pages\/497\/revisions\/512"}],"wp:featuredmedia":[{"embeddable":true,"href":"https:\/\/www.philocite.eu\/blog\/wp-json\/wp\/v2\/media\/501"}],"wp:attachment":[{"href":"https:\/\/www.philocite.eu\/blog\/wp-json\/wp\/v2\/media?parent=497"}],"curies":[{"name":"wp","href":"https:\/\/api.w.org\/{rel}","templated":true}]}}